{"id":3445,"date":"2021-08-14T21:29:15","date_gmt":"2021-08-14T18:29:15","guid":{"rendered":"https:\/\/pensiune.asconiwinery.com\/?page_id=3445"},"modified":"2022-11-02T16:41:27","modified_gmt":"2022-11-02T14:41:27","slug":"camera-twin","status":"publish","type":"page","link":"https:\/\/pensiune.asconiwinery.com\/ro\/camera-twin\/","title":{"rendered":"Camera Twin"},"content":{"rendered":"<p>[et_pb_section fb_built=&#8221;1&#8243; _builder_version=&#8221;4.16&#8243; custom_padding=&#8221;100px||100px||false|false&#8221; global_colors_info=&#8221;{}&#8221;][et_pb_row _builder_version=&#8221;4.16&#8243; _module_preset=&#8221;default&#8221; width=&#8221;70%&#8221; max_width=&#8221;100%&#8221; module_alignment=&#8221;center&#8221; custom_padding=&#8221;0px||0px|||&#8221; global_colors_info=&#8221;{}&#8221;][et_pb_column type=&#8221;4_4&#8243; _builder_version=&#8221;4.16&#8243; _module_preset=&#8221;default&#8221; global_colors_info=&#8221;{}&#8221;][et_pb_text _builder_version=&#8221;4.16&#8243; _module_preset=&#8221;default&#8221; text_font=&#8221;Nunito||||||||&#8221; text_text_color=&#8221;#000000&#8243; text_font_size=&#8221;50px&#8221; text_line_height=&#8221;1.2em&#8221; header_font=&#8221;Nunito||||||||&#8221; header_font_size=&#8221;55px&#8221; header_2_font=&#8221;Nunito||||||||&#8221; header_2_font_size=&#8221;50px&#8221; custom_margin=&#8221;||||false|false&#8221; scroll_horizontal_motion=&#8221;0|50|100|100|4|0|-4&#8243; scroll_fade=&#8221;0|25|70|100|0|100|100&#8243; text_font_size_tablet=&#8221;40px&#8221; text_font_size_phone=&#8221;30px&#8221; text_font_size_last_edited=&#8221;on|phone&#8221; header_2_font_size_tablet=&#8221;&#8221; header_2_font_size_phone=&#8221;30px&#8221; header_2_font_size_last_edited=&#8221;on|phone&#8221; global_colors_info=&#8221;{}&#8221;]<\/p>\n<h2>Camera Twin<\/h2>\n<p>[\/et_pb_text][et_pb_image src=&#8221;https:\/\/pensiune.asconiwinery.com\/wp-content\/uploads\/2021\/07\/Standard-Twin-Asconi-Winery.jpg&#8221; title_text=&#8221;Standard Twin Asconi Winery&#8221; _builder_version=&#8221;4.16&#8243; _module_preset=&#8221;default&#8221; global_colors_info=&#8221;{}&#8221;][\/et_pb_image][\/et_pb_column][\/et_pb_row][\/et_pb_section][et_pb_section fb_built=&#8221;1&#8243; module_class=&#8221;custom-square&#8221; _builder_version=&#8221;4.16&#8243; _module_preset=&#8221;default&#8221; custom_padding=&#8221;0px||0px||false|false&#8221; global_colors_info=&#8221;{}&#8221;][et_pb_row _builder_version=&#8221;4.16&#8243; _module_preset=&#8221;default&#8221; width=&#8221;70%&#8221; max_width=&#8221;100%&#8221; module_alignment=&#8221;center&#8221; custom_padding=&#8221;0px||0px|||&#8221; global_colors_info=&#8221;{}&#8221;][et_pb_column type=&#8221;4_4&#8243; _builder_version=&#8221;4.16&#8243; _module_preset=&#8221;default&#8221; global_colors_info=&#8221;{}&#8221;][et_pb_gallery gallery_ids=&#8221;3086,3090,3091,3092,3093,3094,3095,3096&#8243; orientation=&#8221;portrait&#8221; show_title_and_caption=&#8221;off&#8221; _builder_version=&#8221;4.16&#8243; _module_preset=&#8221;default&#8221; title_text_color=&#8221;#000000&#8243; title_font_size=&#8221;17px&#8221; title_line_height=&#8221;1.2em&#8221; pagination_font=&#8221;Roboto|300|||||||&#8221; pagination_text_color=&#8221;#000000&#8243; pagination_font_size=&#8221;17px&#8221; global_colors_info=&#8221;{}&#8221;][\/et_pb_gallery][\/et_pb_column][\/et_pb_row][\/et_pb_section][et_pb_section fb_built=&#8221;1&#8243; _builder_version=&#8221;4.16&#8243; _module_preset=&#8221;default&#8221; custom_padding=&#8221;0px||100px||false|false&#8221; global_colors_info=&#8221;{}&#8221;][et_pb_row _builder_version=&#8221;4.16&#8243; _module_preset=&#8221;default&#8221; width=&#8221;70%&#8221; max_width=&#8221;100%&#8221; module_alignment=&#8221;center&#8221; custom_padding=&#8221;0px||0px|||&#8221; global_colors_info=&#8221;{}&#8221;][et_pb_column type=&#8221;4_4&#8243; _builder_version=&#8221;4.16&#8243; _module_preset=&#8221;default&#8221; global_colors_info=&#8221;{}&#8221;][et_pb_text _builder_version=&#8221;4.16&#8243; _module_preset=&#8221;default&#8221; text_font=&#8221;Nunito||||||||&#8221; text_text_color=&#8221;#000000&#8243; text_font_size=&#8221;50px&#8221; text_line_height=&#8221;1.2em&#8221; header_font=&#8221;Nunito||||||||&#8221; header_font_size=&#8221;55px&#8221; header_2_font=&#8221;Nunito||||||||&#8221; header_2_font_size=&#8221;50px&#8221; custom_margin=&#8221;||||false|false&#8221; scroll_horizontal_motion=&#8221;0|50|100|100|4|0|-4&#8243; scroll_fade=&#8221;0|25|70|100|0|100|100&#8243; text_font_size_tablet=&#8221;40px&#8221; text_font_size_phone=&#8221;30px&#8221; text_font_size_last_edited=&#8221;on|phone&#8221; header_2_font_size_tablet=&#8221;&#8221; header_2_font_size_phone=&#8221;30px&#8221; header_2_font_size_last_edited=&#8221;on|phone&#8221; global_colors_info=&#8221;{}&#8221;]<\/p>\n<h2>Detalii<\/h2>\n<p>[\/et_pb_text][et_pb_blurb use_icon=&#8221;on&#8221; font_icon=&#8221;&#xe046;||divi||400&#8243; icon_color=&#8221;#000000&#8243; icon_placement=&#8221;left&#8221; image_icon_width=&#8221;25px&#8221; content_max_width=&#8221;100%&#8221; _builder_version=&#8221;4.16&#8243; _module_preset=&#8221;default&#8221; header_font=&#8221;|300|||||||&#8221; header_text_align=&#8221;center&#8221; body_font=&#8221;|300|||||||&#8221; icon_font_size=&#8221;25px&#8221; locked=&#8221;off&#8221; global_colors_info=&#8221;{}&#8221;]<\/p>\n<p>Adul\u021bi: 2<\/p>\n<p>[\/et_pb_blurb][et_pb_blurb use_icon=&#8221;on&#8221; font_icon=&#8221;&#xe046;||divi||400&#8243; icon_color=&#8221;#000000&#8243; icon_placement=&#8221;left&#8221; image_icon_width=&#8221;25px&#8221; content_max_width=&#8221;100%&#8221; _builder_version=&#8221;4.16&#8243; _module_preset=&#8221;default&#8221; header_font=&#8221;|300|||||||&#8221; header_text_align=&#8221;center&#8221; body_font=&#8221;|300|||||||&#8221; icon_font_size=&#8221;25px&#8221; locked=&#8221;off&#8221; global_colors_info=&#8221;{}&#8221;]<\/p>\n<p>Facilit\u0103\u021bi: Articole de igien\u0103 personal\u0103, Du\u0219 cu efect de ploaie, Mini-bar, Safeu, Teras\u0103 comun\u0103, cu zon\u0103 de relaxare, TV cu ecran plat, Usc\u0103tor de p\u0103r, Wifi<\/p>\n<p>[\/et_pb_blurb][et_pb_blurb use_icon=&#8221;on&#8221; font_icon=&#8221;&#xe046;||divi||400&#8243; icon_color=&#8221;#000000&#8243; icon_placement=&#8221;left&#8221; image_icon_width=&#8221;25px&#8221; content_max_width=&#8221;100%&#8221; _builder_version=&#8221;4.16&#8243; _module_preset=&#8221;default&#8221; header_font=&#8221;|300|||||||&#8221; header_text_align=&#8221;center&#8221; body_font=&#8221;|300|||||||&#8221; icon_font_size=&#8221;25px&#8221; locked=&#8221;off&#8221; global_colors_info=&#8221;{}&#8221;]<\/p>\n<p>Tip pat: Twin (90&#215;200) x 2<\/p>\n<p>[\/et_pb_blurb][et_pb_blurb use_icon=&#8221;on&#8221; font_icon=&#8221;&#xe046;||divi||400&#8243; icon_color=&#8221;#000000&#8243; icon_placement=&#8221;left&#8221; image_icon_width=&#8221;25px&#8221; content_max_width=&#8221;100%&#8221; _builder_version=&#8221;4.16&#8243; _module_preset=&#8221;default&#8221; header_font=&#8221;|300|||||||&#8221; header_text_align=&#8221;center&#8221; body_font=&#8221;|300|||||||&#8221; icon_font_size=&#8221;25px&#8221; locked=&#8221;off&#8221; global_colors_info=&#8221;{}&#8221;]<\/p>\n<p>Pre\u021bul \u00eencepe de la 1935 MDL per noapte.<\/p>\n<p>[\/et_pb_blurb][\/et_pb_column][\/et_pb_row][\/et_pb_section][et_pb_section fb_built=&#8221;1&#8243; _builder_version=&#8221;4.16&#8243; _module_preset=&#8221;default&#8221; custom_padding=&#8221;0px||100px||false|false&#8221; global_colors_info=&#8221;{}&#8221;][et_pb_row _builder_version=&#8221;4.16&#8243; _module_preset=&#8221;default&#8221; width=&#8221;70%&#8221; max_width=&#8221;100%&#8221; module_alignment=&#8221;center&#8221; custom_padding=&#8221;0px||0px|||&#8221; global_colors_info=&#8221;{}&#8221;][et_pb_column type=&#8221;4_4&#8243; _builder_version=&#8221;4.16&#8243; _module_preset=&#8221;default&#8221; global_colors_info=&#8221;{}&#8221;][et_pb_text _builder_version=&#8221;4.16&#8243; _module_preset=&#8221;default&#8221; text_font=&#8221;Nunito||||||||&#8221; text_text_color=&#8221;#000000&#8243; text_font_size=&#8221;50px&#8221; text_line_height=&#8221;1.2em&#8221; header_font=&#8221;Nunito||||||||&#8221; header_font_size=&#8221;55px&#8221; header_2_font=&#8221;Nunito||||||||&#8221; header_2_font_size=&#8221;50px&#8221; scroll_horizontal_motion=&#8221;0|50|100|100|4|0|-4&#8243; scroll_fade=&#8221;0|25|70|100|0|100|100&#8243; text_font_size_tablet=&#8221;40px&#8221; text_font_size_phone=&#8221;30px&#8221; text_font_size_last_edited=&#8221;on|phone&#8221; header_2_font_size_tablet=&#8221;&#8221; header_2_font_size_phone=&#8221;30px&#8221; header_2_font_size_last_edited=&#8221;on|phone&#8221; global_colors_info=&#8221;{}&#8221;]<\/p>\n<h2>Rezerv\u0103ri<\/h2>\n<p>[\/et_pb_text][et_pb_code _builder_version=&#8221;4.18.0&#8243; _module_preset=&#8221;default&#8221; hover_enabled=&#8221;0&#8243; global_colors_info=&#8221;{}&#8221; sticky_enabled=&#8221;0&#8243;]<div class=\"mphb_sc_booking_form-wrapper is-direct-booking \">\t<form method=\"POST\" action=\"https:\/\/pensiune.asconiwinery.com\/ro\/booking-confirmation\/\" class=\"mphb-booking-form mphb-booking-form--direct-booking\" id=\"booking-form-2958\" data-first_available_check_in_date=\"2026-04-30\">\n\n\t\t<p class=\"mphb-required-fields-tip\"><small>C\u00e2mpurile obligatorii sunt urmate de <abbr title=\"required\">*<\/abbr><\/small><\/p>\n\t\t\t\t<input type=\"hidden\" name=\"mphb_room_type_id\" value=\"2958\" \/>\n\t\t<p class=\"mphb-check-in-date-wrapper\">\n\t\t\t<label for=\"mphb_check_in_date-69f2b9389b568\">\n\t\t\t\tData de Check-in\t\t\t\t<abbr title=\"Formatat ca dd\/mm\/yyyy\">*<\/abbr>\n\t\t\t<\/label>\n\t\t\t<br \/>\n\t\t\t<input id=\"mphb_check_in_date-69f2b9389b568\" type=\"text\" class=\"mphb-datepick\" value=\"\" required=\"required\" autocomplete=\"off\" placeholder=\"Data de Check-in\" inputmode=\"none\" \/>\n\t\t\t<input id=\"mphb_check_in_date-69f2b9389b568-hidden\" type=\"hidden\" name=\"mphb_check_in_date\" value=\"\" \/>\n\t\t<\/p>\n\t\t<p class=\"mphb-check-out-date-wrapper\">\n\t\t\t<label for=\"mphb_check_out_date-69f2b9389b568\">\n\t\t\t\tData de Check-out\t\t\t\t<abbr title=\"Formatat ca dd\/mm\/yyyy\">*<\/abbr>\n\t\t\t<\/label>\n\t\t\t<br \/>\n\t\t\t<input id=\"mphb_check_out_date-69f2b9389b568\" type=\"text\" class=\"mphb-datepick\" value=\"\" required=\"required\" autocomplete=\"off\" placeholder=\"Data de Check-out\" inputmode=\"none\" \/>\n\t\t\t<input id=\"mphb_check_out_date-69f2b9389b568-hidden\" type=\"hidden\" name=\"mphb_check_out_date\" value=\"\" \/>\n\t\t<\/p>\n\t\t\t\t\t\t\t<div class=\"mphb-reserve-room-section mphb-hide\">\n\t\t\t\t<p class=\"mphb-rooms-quantity-wrapper mphb-rooms-quantity-multiple mphb-hide\">\n\t\t\t\tRezerva\u021bi <select class=\"mphb-rooms-quantity\" id=\"mphb-rooms-quantity-2958\" name=\"mphb_rooms_details[2958]\"><option value=\"1\" selected=\"selected\">1<\/option><\/select> din <span class=\"mphb-available-rooms-count\">1<\/span> caz\u0103ri disponibile.\t\t\t\t<\/p>\n\t\t\t\t<p class=\"mphb-rooms-quantity-wrapper mphb-rooms-quantity-single mphb-hide\">\n\t\t\t\t\texist\u0103 disponibilitate pentru datele selectate\t\t\t\t<\/p>\n\t\t\t\t\t\t\t\t<input type=\"hidden\" name=\"mphb_is_direct_booking\" value=\"1\" \/>\n\t\t\t\t<input class=\"button mphb-button mphb-confirm-reservation\" type=\"submit\" value=\"Confirma\u021bi Rezervarea\" \/>\n\t\t\t<\/div>\n\t\t\n\t\t<div class=\"mphb-errors-wrapper mphb-hide\"><\/div>\n\t\t<p class=\"mphb-reserve-btn-wrapper\">\n\t\t\t<input class=\"mphb-reserve-btn button\" type=\"submit\" value=\"Verifica\u021bi Disponibilitatea\" \/>\n\t\t<\/p>\n\t<\/form>\n\t<\/div>[\/et_pb_code][\/et_pb_column][\/et_pb_row][\/et_pb_section]<\/p>\n","protected":false},"excerpt":{"rendered":"<p>Camera TwinDetaliiAdul\u021bi: 2Facilit\u0103\u021bi: Articole de igien\u0103 personal\u0103, Du\u0219 cu efect de ploaie, Mini-bar, Safeu, Teras\u0103 comun\u0103, cu zon\u0103 de relaxare, TV cu ecran plat, Usc\u0103tor de p\u0103r, WifiTip pat: Twin (90&#215;200) x 2Pre\u021bul \u00eencepe de la 1935 MDL per noapte.Rezerv\u0103ri<div class=\"mphb_sc_booking_form-wrapper is-direct-booking \">\t<form method=\"POST\" action=\"https:\/\/pensiune.asconiwinery.com\/ro\/booking-confirmation\/\" class=\"mphb-booking-form mphb-booking-form--direct-booking\" id=\"booking-form-2958\" data-first_available_check_in_date=\"2026-04-30\">\n\n\t\t<p class=\"mphb-required-fields-tip\"><small>C\u00e2mpurile obligatorii sunt urmate de <abbr title=\"required\">*<\/abbr><\/small><\/p>\n\t\t\t\t<input type=\"hidden\" name=\"mphb_room_type_id\" value=\"2958\" \/>\n\t\t<p class=\"mphb-check-in-date-wrapper\">\n\t\t\t<label for=\"mphb_check_in_date-69f2b939187f5\">\n\t\t\t\tData de Check-in\t\t\t\t<abbr title=\"Formatat ca dd\/mm\/yyyy\">*<\/abbr>\n\t\t\t<\/label>\n\t\t\t<br \/>\n\t\t\t<input id=\"mphb_check_in_date-69f2b939187f5\" type=\"text\" class=\"mphb-datepick\" value=\"\" required=\"required\" autocomplete=\"off\" placeholder=\"Data de Check-in\" inputmode=\"none\" \/>\n\t\t\t<input id=\"mphb_check_in_date-69f2b939187f5-hidden\" type=\"hidden\" name=\"mphb_check_in_date\" value=\"\" \/>\n\t\t<\/p>\n\t\t<p class=\"mphb-check-out-date-wrapper\">\n\t\t\t<label for=\"mphb_check_out_date-69f2b939187f5\">\n\t\t\t\tData de Check-out\t\t\t\t<abbr title=\"Formatat ca dd\/mm\/yyyy\">*<\/abbr>\n\t\t\t<\/label>\n\t\t\t<br \/>\n\t\t\t<input id=\"mphb_check_out_date-69f2b939187f5\" type=\"text\" class=\"mphb-datepick\" value=\"\" required=\"required\" autocomplete=\"off\" placeholder=\"Data de Check-out\" inputmode=\"none\" \/>\n\t\t\t<input id=\"mphb_check_out_date-69f2b939187f5-hidden\" type=\"hidden\" name=\"mphb_check_out_date\" value=\"\" \/>\n\t\t<\/p>\n\t\t\t\t\t\t\t<div class=\"mphb-reserve-room-section mphb-hide\">\n\t\t\t\t<p class=\"mphb-rooms-quantity-wrapper mphb-rooms-quantity-multiple mphb-hide\">\n\t\t\t\tRezerva\u021bi <select class=\"mphb-rooms-quantity\" id=\"mphb-rooms-quantity-2958\" name=\"mphb_rooms_details[2958]\"><option value=\"1\" selected=\"selected\">1<\/option><\/select> din <span class=\"mphb-available-rooms-count\">1<\/span> caz\u0103ri disponibile.\t\t\t\t<\/p>\n\t\t\t\t<p class=\"mphb-rooms-quantity-wrapper mphb-rooms-quantity-single mphb-hide\">\n\t\t\t\t\texist\u0103 disponibilitate pentru datele selectate\t\t\t\t<\/p>\n\t\t\t\t\t\t\t\t<input type=\"hidden\" name=\"mphb_is_direct_booking\" value=\"1\" \/>\n\t\t\t\t<input class=\"button mphb-button mphb-confirm-reservation\" type=\"submit\" value=\"Confirma\u021bi Rezervarea\" \/>\n\t\t\t<\/div>\n\t\t\n\t\t<div class=\"mphb-errors-wrapper mphb-hide\"><\/div>\n\t\t<p class=\"mphb-reserve-btn-wrapper\">\n\t\t\t<input class=\"mphb-reserve-btn button\" type=\"submit\" value=\"Verifica\u021bi Disponibilitatea\" \/>\n\t\t<\/p>\n\t<\/form>\n\t<\/div><\/p>\n","protected":false},"author":1,"featured_media":0,"parent":0,"menu_order":0,"comment_status":"closed","ping_status":"closed","template":"","meta":{"_et_pb_use_builder":"on","_et_pb_old_content":"","_et_gb_content_width":"","inline_featured_image":false,"footnotes":""},"class_list":["post-3445","page","type-page","status-publish","hentry"],"jetpack_sharing_enabled":true,"_links":{"self":[{"href":"https:\/\/pensiune.asconiwinery.com\/ro\/wp-json\/wp\/v2\/pages\/3445","targetHints":{"allow":["GET"]}}],"collection":[{"href":"https:\/\/pensiune.asconiwinery.com\/ro\/wp-json\/wp\/v2\/pages"}],"about":[{"href":"https:\/\/pensiune.asconiwinery.com\/ro\/wp-json\/wp\/v2\/types\/page"}],"author":[{"embeddable":true,"href":"https:\/\/pensiune.asconiwinery.com\/ro\/wp-json\/wp\/v2\/users\/1"}],"replies":[{"embeddable":true,"href":"https:\/\/pensiune.asconiwinery.com\/ro\/wp-json\/wp\/v2\/comments?post=3445"}],"version-history":[{"count":6,"href":"https:\/\/pensiune.asconiwinery.com\/ro\/wp-json\/wp\/v2\/pages\/3445\/revisions"}],"predecessor-version":[{"id":4405,"href":"https:\/\/pensiune.asconiwinery.com\/ro\/wp-json\/wp\/v2\/pages\/3445\/revisions\/4405"}],"wp:attachment":[{"href":"https:\/\/pensiune.asconiwinery.com\/ro\/wp-json\/wp\/v2\/media?parent=3445"}],"curies":[{"name":"wp","href":"https:\/\/api.w.org\/{rel}","templated":true}]}}